{"id":1620,"date":"2023-09-25T10:15:45","date_gmt":"2023-09-25T10:15:45","guid":{"rendered":"https:\/\/xn--etarbejdsdomne-cjb.dk\/?page_id=1620"},"modified":"2024-01-19T07:46:32","modified_gmt":"2024-01-19T07:46:32","slug":"kontakt","status":"publish","type":"page","link":"https:\/\/xn--etarbejdsdomne-cjb.dk\/?page_id=1620","title":{"rendered":"Kontakt"},"content":{"rendered":"<style>.kb-row-layout-id1620_afc3a5-3e > .kt-row-column-wrap{align-content:start;}:where(.kb-row-layout-id1620_afc3a5-3e > .kt-row-column-wrap) > .wp-block-kadence-column{justify-content:start;}.kb-row-layout-id1620_afc3a5-3e > .kt-row-column-wrap{column-gap:var(--global-kb-gap-md, 2rem);row-gap:var(--global-kb-gap-md, 2rem);max-width:var( --global-content-width, 1290px );padding-left:var(--global-content-edge-padding);padding-right:var(--global-content-edge-padding);padding-top:var(--global-kb-spacing-sm, 1.5rem);padding-bottom:var(--global-kb-spacing-sm, 1.5rem);grid-template-columns:minmax(0, 1fr);}.kb-row-layout-id1620_afc3a5-3e > .kt-row-layout-overlay{opacity:0.30;}@media all and (max-width: 1024px){.kb-row-layout-id1620_afc3a5-3e > .kt-row-column-wrap{grid-template-columns:minmax(0, 1fr);}}@media all and (max-width: 767px){.kb-row-layout-id1620_afc3a5-3e > .kt-row-column-wrap{grid-template-columns:minmax(0, 1fr);}}<\/style><div class=\"kb-row-layout-wrap kb-row-layout-id1620_afc3a5-3e alignnone wp-block-kadence-rowlayout\"><div class=\"kt-row-column-wrap kt-has-1-columns kt-row-layout-equal kt-tab-layout-inherit kt-mobile-layout-row kt-row-valign-top kb-theme-content-width\">\n<style>.kadence-column1620_d5266c-af > .kt-inside-inner-col,.kadence-column1620_d5266c-af > .kt-inside-inner-col:before{border-top-left-radius:0px;border-top-right-radius:0px;border-bottom-right-radius:0px;border-bottom-left-radius:0px;}.kadence-column1620_d5266c-af > .kt-inside-inner-col{column-gap:var(--global-kb-gap-sm, 1rem);}.kadence-column1620_d5266c-af > .kt-inside-inner-col{flex-direction:column;}.kadence-column1620_d5266c-af > .kt-inside-inner-col > .aligncenter{width:100%;}.kadence-column1620_d5266c-af > .kt-inside-inner-col:before{opacity:0.3;}.kadence-column1620_d5266c-af{position:relative;}@media all and (max-width: 1024px){.kadence-column1620_d5266c-af > .kt-inside-inner-col{flex-direction:column;}}@media all and (max-width: 767px){.kadence-column1620_d5266c-af > .kt-inside-inner-col{flex-direction:column;}}<\/style>\n<div class=\"wp-block-kadence-column kadence-column1620_d5266c-af\"><div class=\"kt-inside-inner-col\"><style>.kb-image1620_a62138-b0.kb-image-is-ratio-size, .kb-image1620_a62138-b0 .kb-image-is-ratio-size{max-width:3000px;width:100%;}.wp-block-kadence-column > .kt-inside-inner-col > .kb-image1620_a62138-b0.kb-image-is-ratio-size, .wp-block-kadence-column > .kt-inside-inner-col > .kb-image1620_a62138-b0 .kb-image-is-ratio-size{align-self:unset;}.kb-image1620_a62138-b0{max-width:3000px;}.image-is-svg.kb-image1620_a62138-b0{-webkit-flex:0 1 100%;flex:0 1 100%;}.image-is-svg.kb-image1620_a62138-b0 img{width:100%;}.kb-image1620_a62138-b0 .kb-image-has-overlay:after{opacity:0.3;}<\/style>\n<figure class=\"wp-block-kadence-image kb-image1620_a62138-b0 size-full kb-image-is-ratio-size\"><div class=\"kb-is-ratio-image kb-image-ratio-land41\"><img loading=\"lazy\" decoding=\"async\" width=\"2560\" height=\"1920\" src=\"https:\/\/xn--etarbejdsdomne-cjb.dk\/wp-content\/uploads\/2024\/01\/enslevmark.jpeg\" alt=\"\" class=\"kb-img wp-image-1854\" srcset=\"https:\/\/xn--etarbejdsdomne-cjb.dk\/wp-content\/uploads\/2024\/01\/enslevmark.jpeg 2560w, https:\/\/xn--etarbejdsdomne-cjb.dk\/wp-content\/uploads\/2024\/01\/enslevmark-300x225.jpeg 300w, https:\/\/xn--etarbejdsdomne-cjb.dk\/wp-content\/uploads\/2024\/01\/enslevmark-1024x768.jpeg 1024w, https:\/\/xn--etarbejdsdomne-cjb.dk\/wp-content\/uploads\/2024\/01\/enslevmark-768x576.jpeg 768w, https:\/\/xn--etarbejdsdomne-cjb.dk\/wp-content\/uploads\/2024\/01\/enslevmark-1536x1152.jpeg 1536w, https:\/\/xn--etarbejdsdomne-cjb.dk\/wp-content\/uploads\/2024\/01\/enslevmark-2048x1536.jpeg 2048w\" sizes=\"(max-width: 2560px) 100vw, 2560px\" \/><\/div><\/figure>\n<\/div><\/div>\n\n<\/div><\/div>\n\n<style>.kb-row-layout-id1620_41f4bc-a9 > .kt-row-column-wrap{align-content:start;}:where(.kb-row-layout-id1620_41f4bc-a9 > .kt-row-column-wrap) > .wp-block-kadence-column{justify-content:start;}.kb-row-layout-id1620_41f4bc-a9 > .kt-row-column-wrap{column-gap:var(--global-kb-gap-lg, 4rem);row-gap:var(--global-kb-gap-md, 2rem);max-width:var( --global-content-width, 1290px );padding-left:var(--global-content-edge-padding);padding-right:var(--global-content-edge-padding);padding-top:var(--global-kb-spacing-xl, 4rem);padding-bottom:var(--global-kb-spacing-xl, 4rem);grid-template-columns:repeat(2, minmax(0, 1fr));}.kb-row-layout-id1620_41f4bc-a9 > .kt-row-layout-overlay{opacity:0.30;}@media all and (max-width: 1024px){.kb-row-layout-id1620_41f4bc-a9 > .kt-row-column-wrap{row-gap:var(--global-kb-gap-sm, 1rem);grid-template-columns:minmax(0, 1fr);}}@media all and (max-width: 767px){.kb-row-layout-id1620_41f4bc-a9 > .kt-row-column-wrap{row-gap:var(--global-kb-gap-sm, 1rem);grid-template-columns:minmax(0, 1fr);}}<\/style><div class=\"kb-row-layout-wrap kb-row-layout-id1620_41f4bc-a9 alignfull has-theme-palette9-background-color kt-row-has-bg wp-block-kadence-rowlayout\"><div class=\"kt-row-column-wrap kt-has-2-columns kt-row-layout-equal kt-tab-layout-row kt-mobile-layout-row kt-row-valign-top kb-theme-content-width\">\n<style>.kadence-column1620_9c4e1a-e8 > .kt-inside-inner-col,.kadence-column1620_9c4e1a-e8 > .kt-inside-inner-col:before{border-top-left-radius:0px;border-top-right-radius:0px;border-bottom-right-radius:0px;border-bottom-left-radius:0px;}.kadence-column1620_9c4e1a-e8 > .kt-inside-inner-col{column-gap:var(--global-kb-gap-sm, 1rem);}.kadence-column1620_9c4e1a-e8 > .kt-inside-inner-col{flex-direction:column;}.kadence-column1620_9c4e1a-e8 > .kt-inside-inner-col > .aligncenter{width:100%;}.kadence-column1620_9c4e1a-e8 > .kt-inside-inner-col:before{opacity:0.3;}.kadence-column1620_9c4e1a-e8{position:relative;}@media all and (max-width: 1024px){.kt-row-column-wrap.kt-tab-layout-three-grid > .kadence-column1620_9c4e1a-e8, .kt-row-column-wrap.kt-tab-layout-two-grid > .kadence-column1620_9c4e1a-e8, .kt-row-column-wrap.kt-tab-layout-row > .kadence-column1620_9c4e1a-e8{order:2;}}@media all and (max-width: 1024px){.kadence-column1620_9c4e1a-e8 > .kt-inside-inner-col{flex-direction:column;}}@media all and (max-width: 767px){.kt-row-column-wrap.kt-mobile-layout-three-grid > .kadence-column1620_9c4e1a-e8, .kt-row-column-wrap.kt-mobile-layout-two-grid > .kadence-column1620_9c4e1a-e8, .kt-row-column-wrap.kt-mobile-layout-row > .kadence-column1620_9c4e1a-e8{order:2;}.kadence-column1620_9c4e1a-e8 > .kt-inside-inner-col{flex-direction:column;}}<\/style>\n<div class=\"wp-block-kadence-column kadence-column1620_9c4e1a-e8 inner-column-2\"><div class=\"kt-inside-inner-col\"><style>.kadence-form-1620_89108a-96 .kb-form .kadence-blocks-form-field .kb-text-style-field, .kadence-form-1620_89108a-96 .kb-form .kadence-blocks-form-field .kb-select-style-field{color:var(--global-palette4, #2D3748);background:var(--global-palette9, #ffffff);border-color:var(--global-palette6, #718096);}.kadence-form-1620_89108a-96 .kb-form .kadence-blocks-form-field > label{color:var(--global-palette3, #1A202C);}<\/style>\n<div class=\"wp-block-kadence-form kadence-form-1620_89108a-96 kb-form-wrap\"><form class=\"kb-form\" action=\"\" method=\"post\"><div class=\"kadence-blocks-form-field kb-field-desk-width-100 kb-input-size-standard\"><label for=\"kb_field_1620_89108a-96_0\">Navn<span class=\"required\">*<\/span><\/label><input name=\"kb_field_0\" id=\"kb_field_1620_89108a-96_0\" data-label=\"Navn\" type=\"text\" placeholder=\"\" value=\"\" data-type=\"text\" class=\"kb-field kb-text-style-field kb-text-field kb-field-0\" data-required=\"yes\"\/><\/div><div class=\"kadence-blocks-form-field kb-form-field-1 kb-field-desk-width-100 kb-input-size-standard\"><label for=\"kb_field_1620_89108a-96_1\">Email<span class=\"required\">*<\/span><\/label><input name=\"kb_field_1\" id=\"kb_field_1620_89108a-96_1\" data-label=\"Email\" type=\"email\" placeholder=\"\" value=\"\" data-type=\"email\" class=\"kb-field kb-text-style-field kb-email-field kb-field-1\" data-required=\"yes\"\/><\/div><div class=\"kadence-blocks-form-field kb-form-field-2 kb-field-desk-width-100 kb-input-size-standard\"><label for=\"kb_field_1620_89108a-96_2\">Telefonnummer<span class=\"required\">*<\/span><\/label><input name=\"kb_field_2\" id=\"kb_field_1620_89108a-96_2\" data-label=\"Telefonnummer\" type=\"tel\" placeholder=\"\" value=\"\" data-type=\"tel\" class=\"kb-field kb-text-style-field kb-tel-field kb-field-2\" data-required=\"yes\"\/><\/div><div class=\"kadence-blocks-form-field kb-form-field-3 kb-field-desk-width-100 kb-input-size-standard\"><label for=\"kb_field_1620_89108a-96_3\">Besked<span class=\"required\">*<\/span><\/label><textarea name=\"kb_field_3\" id=\"kb_field_1620_89108a-96_3\" data-label=\"Besked\" type=\"textarea\" placeholder=\"\" data-type=\"textarea\" class=\"kb-field kb-text-style-field kb-textarea-field kb-field-3\" rows=\"4\" data-required=\"yes\"><\/textarea><\/div><input type=\"hidden\" name=\"_kb_form_id\" value=\"1620_89108a-96\"\/><input type=\"hidden\" name=\"_kb_form_post_id\" value=\"1620\"\/><input type=\"hidden\" name=\"action\" value=\"kb_process_ajax_submit\"\/><input class=\"kadence-blocks-field verify\" type=\"text\" name=\"_kb_verify_email\" autocomplete=\"new-password\" aria-hidden=\"true\" placeholder=\"Email\" tabindex=\"-1\" data-1p-ignore=\"true\" data-lpignore=\"true\" \/><div class=\"kadence-blocks-form-field kb-submit-field kb-field-desk-width-100\"><button class=\"kb-forms-submit button kb-button-size-standard kb-button-width-auto\">Send besked<\/button><\/div><\/form><\/div>\n<noscript><div class=\"kadence-blocks-form-message kadence-blocks-form-warning\">Please enable JavaScript in your browser to submit the form<\/div><style>.kadence-form-1620_89108a-96 .kadence-blocks-form-field.kb-submit-field { display: none; }<\/style><\/noscript><\/div><\/div>\n\n\n<style>.kadence-column1620_84d130-e3 > .kt-inside-inner-col,.kadence-column1620_84d130-e3 > .kt-inside-inner-col:before{border-top-left-radius:0px;border-top-right-radius:0px;border-bottom-right-radius:0px;border-bottom-left-radius:0px;}.kadence-column1620_84d130-e3 > .kt-inside-inner-col{column-gap:var(--global-kb-gap-sm, 1rem);}.kadence-column1620_84d130-e3 > .kt-inside-inner-col{flex-direction:column;}.kadence-column1620_84d130-e3 > .kt-inside-inner-col > .aligncenter{width:100%;}.kadence-column1620_84d130-e3 > .kt-inside-inner-col:before{opacity:0.3;}.kadence-column1620_84d130-e3{position:relative;}@media all and (max-width: 1024px){.kadence-column1620_84d130-e3 > .kt-inside-inner-col{padding-bottom:var(--global-kb-spacing-md, 2rem);flex-direction:column;}}@media all and (max-width: 1024px){.kt-row-column-wrap.kt-tab-layout-three-grid > .kadence-column1620_84d130-e3, .kt-row-column-wrap.kt-tab-layout-two-grid > .kadence-column1620_84d130-e3, .kt-row-column-wrap.kt-tab-layout-row > .kadence-column1620_84d130-e3{order:1;}}@media all and (max-width: 767px){.kt-row-column-wrap.kt-mobile-layout-three-grid > .kadence-column1620_84d130-e3, .kt-row-column-wrap.kt-mobile-layout-two-grid > .kadence-column1620_84d130-e3, .kt-row-column-wrap.kt-mobile-layout-row > .kadence-column1620_84d130-e3{order:1;}.kadence-column1620_84d130-e3 > .kt-inside-inner-col{flex-direction:column;}}<\/style>\n<div class=\"wp-block-kadence-column kadence-column1620_84d130-e3 inner-column-1\"><div class=\"kt-inside-inner-col\"><style>.wp-block-kadence-advancedheading.kt-adv-heading1620_897e2e-00, .wp-block-kadence-advancedheading.kt-adv-heading1620_897e2e-00[data-kb-block=\"kb-adv-heading1620_897e2e-00\"]{padding-bottom:var(--global-kb-spacing-sm, 1.5rem);margin-bottom:0px;font-size:var(--global-kb-font-size-xl, 3rem);line-height:1.2;font-weight:400;font-style:normal;}.wp-block-kadence-advancedheading.kt-adv-heading1620_897e2e-00 mark, .wp-block-kadence-advancedheading.kt-adv-heading1620_897e2e-00[data-kb-block=\"kb-adv-heading1620_897e2e-00\"] mark{font-style:normal;color:#f76a0c;padding-top:0px;padding-right:0px;padding-bottom:0px;padding-left:0px;}<\/style>\n<h2 class=\"kt-adv-heading1620_897e2e-00 wp-block-kadence-advancedheading has-theme-palette-3-color has-text-color\" data-kb-block=\"kb-adv-heading1620_897e2e-00\"><strong>Kontakt mig<\/strong><\/h2>\n\n\n<style>.wp-block-kadence-advancedheading.kt-adv-heading1620_d51e32-2a, .wp-block-kadence-advancedheading.kt-adv-heading1620_d51e32-2a[data-kb-block=\"kb-adv-heading1620_d51e32-2a\"]{font-style:normal;}.wp-block-kadence-advancedheading.kt-adv-heading1620_d51e32-2a mark, .wp-block-kadence-advancedheading.kt-adv-heading1620_d51e32-2a[data-kb-block=\"kb-adv-heading1620_d51e32-2a\"] mark{font-style:normal;color:#f76a0c;padding-top:0px;padding-right:0px;padding-bottom:0px;padding-left:0px;}<\/style>\n<p class=\"kt-adv-heading1620_d51e32-2a wp-block-kadence-advancedheading has-theme-palette-3-color has-text-color\" data-kb-block=\"kb-adv-heading1620_d51e32-2a\">Har du sp\u00f8rgsm\u00e5l, eller \u00f8nsker du et uforpligtende tilbud, er du altid velkommen til at ringe eller skrive til mig. Du kan ogs\u00e5 udfylde kontaktformularen, s\u00e5 tager jeg kontakt til dig.<\/p>\n\n\n<style>.wp-block-kadence-iconlist.kt-svg-icon-list-items1620_7074c9-f2:not(.this-stops-third-party-issues){margin-top:0px;margin-bottom:0px;}.wp-block-kadence-iconlist.kt-svg-icon-list-items1620_7074c9-f2 ul.kt-svg-icon-list:not(.this-prevents-issues):not(.this-stops-third-party-issues):not(.tijsloc){margin-top:0px;margin-right:0px;margin-bottom:var(--global-kb-spacing-sm, 1.5rem);margin-left:0px;}.wp-block-kadence-iconlist.kt-svg-icon-list-items1620_7074c9-f2 ul.kt-svg-icon-list{grid-row-gap:5px;}.wp-block-kadence-iconlist.kt-svg-icon-list-items1620_7074c9-f2 ul.kt-svg-icon-list .kt-svg-icon-list-item-wrap .kt-svg-icon-list-single{margin-right:10px;}.kt-svg-icon-list-items1620_7074c9-f2 ul.kt-svg-icon-list .kt-svg-icon-list-item-wrap, .kt-svg-icon-list-items1620_7074c9-f2 ul.kt-svg-icon-list .kt-svg-icon-list-item-wrap a{line-height:25px;}.kt-svg-icon-list-items1620_7074c9-f2 ul.kt-svg-icon-list .kt-svg-icon-list-level-0 .kt-svg-icon-list-single svg{font-size:20px;}<\/style>\n<div class=\"wp-block-kadence-iconlist kt-svg-icon-list-items kt-svg-icon-list-items1620_7074c9-f2 kt-svg-icon-list-columns-1 alignnone\"><ul class=\"kt-svg-icon-list\"><style>.kt-svg-icon-list-item-1620_5de95e-a9 .kt-svg-icon-list-single{font-size:28px !important;color:var(--global-palette1, #3182CE) !important;}<\/style>\n<li class=\"wp-block-kadence-listitem kt-svg-icon-list-item-wrap kt-svg-icon-list-item-1620_5de95e-a9\"><span class=\"kb-svg-icon-wrap kb-svg-icon-fe_phone kt-svg-icon-list-single\"><svg viewBox=\"0 0 24 24\"  fill=\"none\" stroke=\"currentColor\" stroke-width=\"2\" stroke-linecap=\"round\" stroke-linejoin=\"round\" xmlns=\"http:\/\/www.w3.org\/2000\/svg\"  aria-hidden=\"true\"><path d=\"M22 16.92v3a2 2 0 0 1-2.18 2 19.79 19.79 0 0 1-8.63-3.07 19.5 19.5 0 0 1-6-6 19.79 19.79 0 0 1-3.07-8.67A2 2 0 0 1 4.11 2h3a2 2 0 0 1 2 1.72 12.84 12.84 0 0 0 .7 2.81 2 2 0 0 1-.45 2.11L8.09 9.91a16 16 0 0 0 6 6l1.27-1.27a2 2 0 0 1 2.11-.45 12.84 12.84 0 0 0 2.81.7A2 2 0 0 1 22 16.92z\"\/><\/svg><\/span><span class=\"kt-svg-icon-list-text\"><strong>2219-5262<\/strong><\/span><\/li>\n\n\n<style>.kt-svg-icon-list-item-1620_bf5e67-fd .kt-svg-icon-list-single{font-size:28px !important;color:var(--global-palette1, #3182CE) !important;}<\/style>\n<li class=\"wp-block-kadence-listitem kt-svg-icon-list-item-wrap kt-svg-icon-list-item-1620_bf5e67-fd\"><span class=\"kb-svg-icon-wrap kb-svg-icon-fe_mail kt-svg-icon-list-single\"><svg viewBox=\"0 0 24 24\"  fill=\"none\" stroke=\"currentColor\" stroke-width=\"2\" stroke-linecap=\"round\" stroke-linejoin=\"round\" xmlns=\"http:\/\/www.w3.org\/2000\/svg\"  aria-hidden=\"true\"><path d=\"M4 4h16c1.1 0 2 .9 2 2v12c0 1.1-.9 2-2 2H4c-1.1 0-2-.9-2-2V6c0-1.1.9-2 2-2z\"\/><polyline points=\"22,6 12,13 2,6\"\/><\/svg><\/span><span class=\"kt-svg-icon-list-text\"><strong>jacob@jacoblahn.dk<\/strong><\/span><\/li>\n\n\n<style>.kt-svg-icon-list-item-1620_061702-0c .kt-svg-icon-list-single{font-size:25px !important;color:var(--global-palette1, #3182CE) !important;}<\/style>\n<li class=\"wp-block-kadence-listitem kt-svg-icon-list-item-wrap kt-svg-icon-list-item-1620_061702-0c\"><span class=\"kb-svg-icon-wrap kb-svg-icon-fas_location-arrow kt-svg-icon-list-single\"><svg viewBox=\"0 0 512 512\"  fill=\"currentColor\" xmlns=\"http:\/\/www.w3.org\/2000\/svg\"  aria-hidden=\"true\"><path d=\"M444.52 3.52L28.74 195.42c-47.97 22.39-31.98 92.75 19.19 92.75h175.91v175.91c0 51.17 70.36 67.17 92.75 19.19l191.9-415.78c15.99-38.39-25.59-79.97-63.97-63.97z\"\/><\/svg><\/span><span class=\"kt-svg-icon-list-text\"><strong>Enslev Mark 2, 8500 Grenaa<\/strong><\/span><\/li>\n<\/ul><\/div>\n<\/div><\/div>\n\n<\/div><\/div>","protected":false},"excerpt":{"rendered":"<p>Kontakt mig Har du sp\u00f8rgsm\u00e5l, eller \u00f8nsker du et uforpligtende tilbud, er du altid velkommen til at ringe eller skrive til mig. Du kan ogs\u00e5 udfylde kontaktformularen, s\u00e5 tager jeg kontakt til dig.<\/p>\n","protected":false},"author":1,"featured_media":0,"parent":0,"menu_order":0,"comment_status":"closed","ping_status":"closed","template":"","meta":{"_kadence_starter_templates_imported_post":false,"_kad_post_transparent":"","_kad_post_title":"","_kad_post_layout":"","_kad_post_sidebar_id":"","_kad_post_content_style":"","_kad_post_vertical_padding":"","_kad_post_feature":"","_kad_post_feature_position":"","_kad_post_header":false,"_kad_post_footer":false,"_kad_post_classname":"","footnotes":""},"_links":{"self":[{"href":"https:\/\/xn--etarbejdsdomne-cjb.dk\/index.php?rest_route=\/wp\/v2\/pages\/1620"}],"collection":[{"href":"https:\/\/xn--etarbejdsdomne-cjb.dk\/index.php?rest_route=\/wp\/v2\/pages"}],"about":[{"href":"https:\/\/xn--etarbejdsdomne-cjb.dk\/index.php?rest_route=\/wp\/v2\/types\/page"}],"author":[{"embeddable":true,"href":"https:\/\/xn--etarbejdsdomne-cjb.dk\/index.php?rest_route=\/wp\/v2\/users\/1"}],"replies":[{"embeddable":true,"href":"https:\/\/xn--etarbejdsdomne-cjb.dk\/index.php?rest_route=%2Fwp%2Fv2%2Fcomments&post=1620"}],"version-history":[{"count":7,"href":"https:\/\/xn--etarbejdsdomne-cjb.dk\/index.php?rest_route=\/wp\/v2\/pages\/1620\/revisions"}],"predecessor-version":[{"id":1953,"href":"https:\/\/xn--etarbejdsdomne-cjb.dk\/index.php?rest_route=\/wp\/v2\/pages\/1620\/revisions\/1953"}],"wp:attachment":[{"href":"https:\/\/xn--etarbejdsdomne-cjb.dk\/index.php?rest_route=%2Fwp%2Fv2%2Fmedia&parent=1620"}],"curies":[{"name":"wp","href":"https:\/\/api.w.org\/{rel}","templated":true}]}}